{"id":139,"date":"2020-12-03T14:28:22","date_gmt":"2020-12-03T07:28:22","guid":{"rendered":"http:\/\/thaythuoctre.vn\/en\/?page_id=139"},"modified":"2021-07-06T11:57:17","modified_gmt":"2021-07-06T04:57:17","slug":"congress-program","status":"publish","type":"page","link":"https:\/\/thaythuoctre.vn\/en\/congress-program\/","title":{"rendered":"Congress program"},"content":{"rendered":"<p>&nbsp;<\/p>\n<table>\n<tbody>\n<tr>\n<td style=\"width: 316px;\"><span style=\"font-weight: 400;\">BAN T\u1ed4 CH\u1ee8C \u0110\u1ea0I H\u1ed8I \u0110\u1ea0I BI\u1ec2U TO\u00c0N QU\u1ed0C<\/span><\/p>\n<p><span style=\"font-weight: 400;\">H\u1ed8I TH\u1ea6Y THU\u1ed0C TR\u1eba VI\u1ec6T NAM L\u1ea6N TH\u1ee8 IV<\/span><\/p>\n<p><span style=\"font-weight: 400;\">***<\/span><\/td>\n<td style=\"width: 236px;\"><i><span style=\"font-weight: 400;\">H\u00e0 N\u1ed9i, ng\u00e0y 5,6 th\u00e1ng 12 n\u0103m 2020<\/span><\/i><\/td>\n<\/tr>\n<\/tbody>\n<\/table>\n<p style=\"text-align: center;\"><b>CH\u01af\u01a0NG TR\u00ccNH CHI TI\u1ebeT<\/b><\/p>\n<p style=\"text-align: center;\"><b>\u0110\u1ea0I H\u1ed8I \u0110\u1ea0I BI\u1ec2U TO\u00c0N QU\u1ed0C H\u1ed8I TH\u1ea6Y THU\u1ed0C TR\u1eba VI\u1ec6T NAM\u00a0<\/b><\/p>\n<p style=\"text-align: center;\"><b>L\u1ea6N TH\u1ee8 IV, NHI\u1ec6M K\u1ef2 2020 &#8211; 2025<\/b><\/p>\n<p style=\"text-align: center;\"><b>&#8212;&#8212;&#8212;&#8212;&#8212;&#8212;&#8211;<\/b><\/p>\n<p style=\"text-align: center;\"><b><i>* Th\u1eddi gian<\/i><\/b><b>:\u00a0 Ng\u00e0y 05 &#8211; 06 th\u00e1ng 12 n\u0103m 2020<\/b><\/p>\n<p style=\"text-align: center;\"><b><i>* \u0110\u1ecba \u0111i\u1ec3m<\/i><\/b><b>:\u00a0<\/b><\/p>\n<p style=\"text-align: center;\"><b>&#8211; Trung t\u00e2m H\u1ed9i ngh\u1ecb 37 H\u00f9ng V\u01b0\u01a1ng<\/b><\/p>\n<p style=\"text-align: center;\"><b>&#8211; Trung t\u00e2m H\u1ed9i ngh\u1ecb Qu\u1ed1c t\u1ebf ICC \u2013 11 L\u00ea H\u1ed3ng Phong\u00a0<\/b><\/p>\n<p style=\"text-align: center;\"><b>\u00a0\u00a0\u00a0\u00a0\u00a0\u00a0\u00a0\u00a0\u00a0\u00a0\u00a0\u00a0\u00a0\u00a0\u00a0\u00a0\u00a0<\/b><\/p>\n<p style=\"text-align: center;\"><b>Ng\u00e0y 05 th\u00e1ng 12 n\u0103m 2020<\/b><\/p>\n<p style=\"text-align: center;\"><span style=\"font-weight: 400;\">(H\u1ed9i tr\u01b0\u1eddng 1B &#8211; <\/span><span style=\"font-weight: 400;\">Trung t\u00e2m H\u1ed9i ngh\u1ecb 37 H\u00f9ng V\u01b0\u01a1ng)<\/span><\/p>\n<p>&nbsp;<\/p>\n<table class=\" aligncenter\" style=\"height: 229px;\" width=\"942\">\n<tbody>\n<tr>\n<td style=\"width: 932px;\" colspan=\"4\">\n<p style=\"text-align: left;\"><b>BU\u1ed4I CHI\u1ec0U<\/b><\/p>\n<\/td>\n<\/tr>\n<tr>\n<td style=\"width: 95px;\" colspan=\"2\"><b>14h30 &#8211; 16h00<\/b><\/td>\n<td style=\"width: 831px;\" colspan=\"2\"><span style=\"font-weight: 400;\">H\u1ecdp Ban Th\u01b0\u1eddng v\u1ee5, Ban Ch\u1ea5p h\u00e0nh H\u1ed9i Th\u1ea7y thu\u1ed1c tr\u1ebb Vi\u1ec7t Nam phi\u00ean cu\u1ed1i kh\u00f3a III.<\/span><\/td>\n<\/tr>\n<tr>\n<td style=\"width: 95px;\" colspan=\"2\"><b>16h30 &#8211; 17h30<\/b><\/td>\n<td style=\"width: 831px;\" colspan=\"2\"><span style=\"font-weight: 400;\">L\u00e3nh \u0111\u1ea1o \u0110\u1ea3ng, Nh\u00e0 n\u01b0\u1edbc g\u1eb7p m\u1eb7t Ban Th\u01b0\u1eddng v\u1ee5 H\u1ed9i Th\u1ea7y thu\u1ed1c tr\u1ebb Vi\u1ec7t Nam v\u00e0 c\u00e1c g\u01b0\u01a1ng Th\u1ea7y thu\u1ed1c tr\u1ebb Vi\u1ec7t Nam ti\u00eau bi\u1ec3u<\/span><i><span style=\"font-weight: 400;\">.<\/span><\/i><\/td>\n<\/tr>\n<tr>\n<td style=\"width: 95px;\" colspan=\"2\"><b>18h30<\/b><\/td>\n<td style=\"width: 831px;\" colspan=\"2\"><span style=\"font-weight: 400;\">\u0110\u1ea1i bi\u1ec3u \u0102n t\u1ed1i t\u1ea1i Trung t\u00e2m H\u1ed9i ngh\u1ecb 37 H\u00f9ng V\u01b0\u01a1ng.<\/span><\/td>\n<\/tr>\n<\/tbody>\n<\/table>\n<p style=\"text-align: center;\"><b>Ng\u00e0y 06 th\u00e1ng 12 n\u0103m 2020<\/b><\/p>\n<p style=\"text-align: center;\"><span style=\"font-weight: 400;\">(<\/span><span style=\"font-weight: 400;\">Trung t\u00e2m H\u1ed9i ngh\u1ecb Qu\u1ed1c t\u1ebf ICC &#8211; 11 L\u00ea H\u1ed3ng Phong)<\/span><\/p>\n<p>&nbsp;<\/p>\n<table>\n<tbody>\n<tr>\n<td colspan=\"4\"><b>BU\u1ed4I S\u00c1NG<\/b><\/td>\n<\/tr>\n<tr>\n<td colspan=\"2\"><b>8h00 &#8211; 8h30<\/b><\/td>\n<td colspan=\"2\"><span style=\"font-weight: 400;\">L\u1ec5 Vi\u1ebfng L\u0103ng Ch\u1ee7 t\u1ecbch H\u1ed3 Ch\u00ed Minh.<\/span><\/td>\n<\/tr>\n<tr>\n<td colspan=\"2\"><b>9h00 &#8211; 11h30<\/b><\/td>\n<td colspan=\"2\"><span style=\"font-weight: 400;\">\u0110\u1ea1i h\u1ed9i phi\u00ean th\u1ee9 nh\u1ea5t:<\/span><\/p>\n<p><span style=\"font-weight: 400;\">&#8211; B\u1ea7u \u0110o\u00e0n Ch\u1ee7 t\u1ecbch \u0110\u1ea1i h\u1ed9i, Ban Th\u1ea9m tra t\u01b0 c\u00e1ch \u0110\u1ea1i bi\u1ec3u, c\u1eed Th\u01b0 k\u00fd \u0110\u1ea1i h\u1ed9i.<\/span><\/p>\n<p><span style=\"font-weight: 400;\">&#8211; Khai m\u1ea1c \u0110\u1ea1i h\u1ed9i.<\/span><\/p>\n<p><span style=\"font-weight: 400;\">&#8211; B\u00e1o c\u00e1o t\u00ecnh h\u00ecnh \u0110\u1ea1i bi\u1ec3u d\u1ef1 \u0110\u1ea1i h\u1ed9i.\u00a0<\/span><\/p>\n<p><span style=\"font-weight: 400;\">&#8211; B\u00e1o c\u00e1o t\u00f3m t\u1eaft k\u1ebft qu\u1ea3 c\u00f4ng t\u00e1c H\u1ed9i v\u00e0 phong tr\u00e0o Th\u1ea7y thu\u1ed1c tr\u1ebb kh\u00f3a III (nhi\u1ec7m k\u1ef3 2015 &#8211; 2020) v\u00e0 D\u1ef1 th\u1ea3o ph\u01b0\u01a1ng h\u01b0\u1edbng ho\u1ea1t \u0111\u1ed9ng H\u1ed9i kh\u00f3a IV (nhi\u1ec7m k\u1ef3 2020 &#8211; 2025) c\u1ee7a H\u1ed9i Th\u1ea7y thu\u1ed1c tr\u1ebb Vi\u1ec7t Nam.\u00a0<\/span><\/p>\n<p><span style=\"font-weight: 400;\">&#8211; B\u00e1o c\u00e1o \u0111\u00e1nh gi\u00e1 k\u1ebft qu\u1ea3 c\u00f4ng t\u00e1c c\u1ee7a Ban Ch\u1ea5p h\u00e0nh Trung \u01b0\u01a1ng H\u1ed9i Th\u1ea7y thu\u1ed1c tr\u1ebb Vi\u1ec7t Nam kh\u00f3a III (nhi\u1ec7m k\u1ef3 2015 &#8211; 2020).\u00a0<\/span><\/p>\n<p><span style=\"font-weight: 400;\">&#8211; Tham lu\u1eadn.<\/span><\/p>\n<p><span style=\"font-weight: 400;\">&#8211; Ph\u00e1t bi\u1ec3u c\u1ee7a B\u00ed th\u01b0 th\u1ee9 nh\u1ea5t Ban ch\u1ea5p h\u00e0nh Trung \u01b0\u01a1ng \u0110o\u00e0n TNCS H\u1ed3 Ch\u00ed Minh<\/span><\/p>\n<p><span style=\"font-weight: 400;\">&#8211; Hi\u1ec7p th\u01b0\u01a1ng ch\u1ecdn c\u1eed Ban Ch\u1ea5p h\u00e0nh Trung \u01b0\u01a1ng v\u00e0 Ban Ki\u1ec3m tra H\u1ed9i Th\u1ea7y thu\u1ed1c tr\u1ebb Vi\u1ec7t Nam kho\u00e1 IV (nhi\u1ec7m k\u1ef3 2020 &#8211; 2025).<\/span><\/p>\n<p><span style=\"font-weight: 400;\">&#8211; Hi\u1ec7p th\u01b0\u01a1ng ch\u1ecdn c\u1eed Ch\u1ee7 t\u1ecbch H\u1ed9i Th\u1ea7y thu\u1ed1c tr\u1ebb Vi\u1ec7t Nam kho\u00e1 IV (nhi\u1ec7m k\u1ef3 2020 &#8211; 2025).<\/span><\/p>\n<p><span style=\"font-weight: 400;\">&#8211; Thi \u0111ua khen th\u01b0\u1edfng.<\/span><\/p>\n<p><span style=\"font-weight: 400;\">&#8211; Tuy\u00ean d\u01b0\u01a1ng Th\u1ea7y thu\u1ed1c tr\u1ebb Vi\u1ec7t Nam ti\u00eau bi\u1ec3u n\u0103m 2020.<\/span><\/td>\n<\/tr>\n<tr>\n<td colspan=\"2\"><b>11h30 &#8211; 12h00<\/b><\/td>\n<td colspan=\"2\"><span style=\"font-weight: 400;\">Ban Ch\u1ea5p h\u00e0nh Trung \u01b0\u01a1ng H\u1ed9i Th\u1ea7y thu\u1ed1c tr\u1ebb Vi\u1ec7t Nam kh\u00f3a IV (nhi\u1ec7m k\u1ef3 2020 &#8211; 2025) h\u1ecdp phi\u00ean th\u1ee9 nh\u1ea5t.<\/span><\/td>\n<\/tr>\n<tr>\n<td colspan=\"2\"><b>12h00<\/b><\/td>\n<td colspan=\"2\"><span style=\"font-weight: 400;\">\u0110\u1ea1i bi\u1ec3u \u0103n tr\u01b0a t\u1ea1i Trung t\u00e2m H\u1ed9i ngh\u1ecb 37 H\u00f9ng V\u01b0\u01a1ng.<\/span><\/td>\n<\/tr>\n<tr>\n<td colspan=\"4\"><b>BU\u1ed4I CHI\u1ec0U<\/b><\/td>\n<\/tr>\n<tr>\n<td><b>13h30 &#8211; 14h00<\/b><\/td>\n<td colspan=\"3\"><span style=\"font-weight: 400;\">Ch\u01b0\u01a1ng tr\u00ecnh v\u0103n ngh\u1ec7.<\/span><\/td>\n<\/tr>\n<tr>\n<td><b>14h00 &#8211; 16h30<\/b><\/td>\n<td colspan=\"3\"><span style=\"font-weight: 400;\">\u0110\u1ea1i h\u1ed9i phi\u00ean tr\u1ecdng th\u1ec3:<\/span><\/p>\n<p><span style=\"font-weight: 400;\">&#8211; Ch\u00e0o c\u1edd.<\/span><\/p>\n<p><span style=\"font-weight: 400;\">&#8211; Ph\u00e1t bi\u1ec3u ch\u00e0o m\u1eebng c\u1ee7a Ch\u1ee7 t\u1ecbch H\u1ed9i Th\u1ea7y thu\u1ed1c tr\u1ebb Vi\u1ec7t Nam kh\u00f3a IV v\u00e0 b\u00e1o c\u00e1o t\u00f3m t\u1eaft k\u1ebft qu\u1ea3 \u0110\u1ea1i h\u1ed9i phi\u00ean th\u1ee9 nh\u1ea5t.<\/span><\/p>\n<p><span style=\"font-weight: 400;\">&#8211; Phim ph\u00f3ng s\u1ef1 v\u1ec1 c\u00e1c ho\u1ea1t \u0111\u1ed9ng n\u1ed5i b\u1eadt kh\u00f3a III.<\/span><\/p>\n<p><span style=\"font-weight: 400;\">&#8211; Tham lu\u1eadn.\u00a0<\/span><\/p>\n<p><span style=\"font-weight: 400;\">&#8211; Ph\u00e1t bi\u1ec3u c\u1ee7a l\u00e3nh \u0111\u1ea1o \u0110\u1ea3ng, Nh\u00e0 n\u01b0\u1edbc.<\/span><\/p>\n<p><span style=\"font-weight: 400;\">&#8211; Ph\u00e1t bi\u1ec3u c\u1ee7a B\u1ed9 tr\u01b0\u1edfng B\u1ed9 Y t\u1ebf.<\/span><\/p>\n<p><span style=\"font-weight: 400;\">&#8211; C\u00f4ng b\u1ed1 k\u1ebft qu\u1ea3 hi\u1ec7p th\u01b0\u01a1ng v\u00e0 ra m\u1eaft Ban Ch\u1ea5p h\u00e0nh Trung \u01b0\u01a1ng H\u1ed9i Th\u1ea7y thu\u1ed1c tr\u1ebb Vi\u1ec7t Nam kh\u00f3a IV, nhi\u1ec7m k\u1ef3 2020 &#8211; 2025.<\/span><\/p>\n<p><span style=\"font-weight: 400;\">&#8211; Chia tay c\u00e1c anh, ch\u1ecb trong Ban Ch\u1ea5p h\u00e0nh Trung \u01b0\u01a1ng H\u1ed9i kh\u00f3a III kh\u00f4ng t\u00e1i c\u1eed.\u00a0<\/span><\/p>\n<p><span style=\"font-weight: 400;\">&#8211; Th\u00f4ng qua Ngh\u1ecb quy\u1ebft c\u1ee7a \u0110\u1ea1i h\u1ed9i.<\/span><\/p>\n<p><span style=\"font-weight: 400;\">&#8211; Di\u1ec5n v\u0103n B\u1ebf m\u1ea1c \u0110\u1ea1i h\u1ed9i.<\/span><\/td>\n<\/tr>\n<tr>\n<td><b>16h30 &#8211; 17h30<\/b><\/td>\n<td colspan=\"3\"><span style=\"font-weight: 400;\">H\u1ecdp b\u00e1o th\u00f4ng b\u00e1o k\u1ebft qu\u1ea3 \u0110\u1ea1i h\u1ed9i.<\/span><\/td>\n<\/tr>\n<tr>\n<td><b>17h30<\/b><\/td>\n<td colspan=\"3\"><span style=\"font-weight: 400;\">Li\u00ean hoan ch\u00e0o m\u1eebng \u0110\u1ea1i H\u1ed9i.<\/span><\/p>\n<p><span style=\"font-weight: 400;\">t\u1ea1i Trung t\u00e2m H\u1ed9i ngh\u1ecb 37 H\u00f9ng V\u01b0\u01a1ng.<\/span><\/td>\n<\/tr>\n<\/tbody>\n<\/table>\n<p style=\"text-align: right;\"><b>BAN T\u1ed4 CH\u1ee8C \u0110\u1ea0I H\u1ed8I<\/b><\/p>\n","protected":false},"excerpt":{"rendered":"<p>&nbsp; BAN T\u1ed4 CH\u1ee8C \u0110\u1ea0I H\u1ed8I \u0110\u1ea0I BI\u1ec2U TO\u00c0N QU\u1ed0C H\u1ed8I TH\u1ea6Y THU\u1ed0C TR\u1eba VI\u1ec6T NAM L\u1ea6N TH\u1ee8 IV *** H\u00e0 N\u1ed9i, ng\u00e0y 5,6 th\u00e1ng 12 n\u0103m 2020 CH\u01af\u01a0NG TR\u00ccNH CHI TI\u1ebeT \u0110\u1ea0I H\u1ed8I \u0110\u1ea0I BI\u1ec2U TO\u00c0N QU\u1ed0C H\u1ed8I TH\u1ea6Y THU\u1ed0C TR\u1eba VI\u1ec6T NAM\u00a0 L\u1ea6N TH\u1ee8 IV, NHI\u1ec6M K\u1ef2 2020 &#8211; 2025 &#8212;&#8212;&#8212;&#8212;&#8212;&#8212;&#8211; * Th\u1eddi<\/p>\n","protected":false},"author":1,"featured_media":0,"parent":0,"menu_order":0,"comment_status":"closed","ping_status":"closed","template":"","meta":[],"yoast_head":"<!-- This site is optimized with the Yoast SEO plugin v14.7 - https:\/\/yoast.com\/wordpress\/plugins\/seo\/ -->\n<title>Congress program - VIETNAM YOUNG PHYSICIANS\u2019 ASSOCIATION<\/title>\n<meta name=\"robots\" content=\"index, follow\" \/>\n<meta name=\"googlebot\" content=\"index, follow, max-snippet:-1, max-image-preview:large, max-video-preview:-1\" \/>\n<meta name=\"bingbot\" content=\"index, follow, max-snippet:-1, max-image-preview:large, max-video-preview:-1\" \/>\n<link rel=\"canonical\" href=\"http:\/\/thaythuoctre.vn\/en\/congress-program\/\" \/>\n<meta property=\"og:locale\" content=\"en_US\" \/>\n<meta property=\"og:type\" content=\"article\" \/>\n<meta property=\"og:title\" content=\"Congress program - VIETNAM YOUNG PHYSICIANS\u2019 ASSOCIATION\" \/>\n<meta property=\"og:description\" content=\"&nbsp; BAN T\u1ed4 CH\u1ee8C \u0110\u1ea0I H\u1ed8I \u0110\u1ea0I BI\u1ec2U TO\u00c0N QU\u1ed0C H\u1ed8I TH\u1ea6Y THU\u1ed0C TR\u1eba VI\u1ec6T NAM L\u1ea6N TH\u1ee8 IV *** H\u00e0 N\u1ed9i, ng\u00e0y 5,6 th\u00e1ng 12 n\u0103m 2020 CH\u01af\u01a0NG TR\u00ccNH CHI TI\u1ebeT \u0110\u1ea0I H\u1ed8I \u0110\u1ea0I BI\u1ec2U TO\u00c0N QU\u1ed0C H\u1ed8I TH\u1ea6Y THU\u1ed0C TR\u1eba VI\u1ec6T NAM\u00a0 L\u1ea6N TH\u1ee8 IV, NHI\u1ec6M K\u1ef2 2020 &#8211; 2025 &#8212;&#8212;&#8212;&#8212;&#8212;&#8212;&#8211; * Th\u1eddi\" \/>\n<meta property=\"og:url\" content=\"http:\/\/thaythuoctre.vn\/en\/congress-program\/\" \/>\n<meta property=\"og:site_name\" content=\"VIETNAM YOUNG PHYSICIANS\u2019 ASSOCIATION\" \/>\n<meta property=\"article:modified_time\" content=\"2021-07-06T04:57:17+00:00\" \/>\n<meta name=\"twitter:card\" content=\"summary_large_image\" \/>\n<script type=\"application\/ld+json\" class=\"yoast-schema-graph\">{\"@context\":\"https:\/\/schema.org\",\"@graph\":[{\"@type\":\"WebSite\",\"@id\":\"https:\/\/thaythuoctre.vn\/en\/#website\",\"url\":\"https:\/\/thaythuoctre.vn\/en\/\",\"name\":\"VIETNAM YOUNG PHYSICIANS\\u2019 ASSOCIATION\",\"description\":\"\",\"potentialAction\":[{\"@type\":\"SearchAction\",\"target\":\"https:\/\/thaythuoctre.vn\/en\/?s={search_term_string}\",\"query-input\":\"required name=search_term_string\"}],\"inLanguage\":\"en-US\"},{\"@type\":\"WebPage\",\"@id\":\"http:\/\/thaythuoctre.vn\/en\/congress-program\/#webpage\",\"url\":\"http:\/\/thaythuoctre.vn\/en\/congress-program\/\",\"name\":\"Congress program - VIETNAM YOUNG PHYSICIANS\\u2019 ASSOCIATION\",\"isPartOf\":{\"@id\":\"https:\/\/thaythuoctre.vn\/en\/#website\"},\"datePublished\":\"2020-12-03T07:28:22+00:00\",\"dateModified\":\"2021-07-06T04:57:17+00:00\",\"breadcrumb\":{\"@id\":\"http:\/\/thaythuoctre.vn\/en\/congress-program\/#breadcrumb\"},\"inLanguage\":\"en-US\",\"potentialAction\":[{\"@type\":\"ReadAction\",\"target\":[\"http:\/\/thaythuoctre.vn\/en\/congress-program\/\"]}]},{\"@type\":\"BreadcrumbList\",\"@id\":\"http:\/\/thaythuoctre.vn\/en\/congress-program\/#breadcrumb\",\"itemListElement\":[{\"@type\":\"ListItem\",\"position\":1,\"item\":{\"@type\":\"WebPage\",\"@id\":\"http:\/\/thaythuoctre.vn\/en\/\",\"url\":\"http:\/\/thaythuoctre.vn\/en\/\",\"name\":\"Trang ch\\u1ee7\"}},{\"@type\":\"ListItem\",\"position\":2,\"item\":{\"@type\":\"WebPage\",\"@id\":\"http:\/\/thaythuoctre.vn\/en\/congress-program\/\",\"url\":\"http:\/\/thaythuoctre.vn\/en\/congress-program\/\",\"name\":\"Congress program\"}}]}]}<\/script>\n<!-- \/ Yoast SEO plugin. -->","_links":{"self":[{"href":"https:\/\/thaythuoctre.vn\/en\/wp-json\/wp\/v2\/pages\/139"}],"collection":[{"href":"https:\/\/thaythuoctre.vn\/en\/wp-json\/wp\/v2\/pages"}],"about":[{"href":"https:\/\/thaythuoctre.vn\/en\/wp-json\/wp\/v2\/types\/page"}],"author":[{"embeddable":true,"href":"https:\/\/thaythuoctre.vn\/en\/wp-json\/wp\/v2\/users\/1"}],"replies":[{"embeddable":true,"href":"https:\/\/thaythuoctre.vn\/en\/wp-json\/wp\/v2\/comments?post=139"}],"version-history":[{"count":0,"href":"https:\/\/thaythuoctre.vn\/en\/wp-json\/wp\/v2\/pages\/139\/revisions"}],"wp:attachment":[{"href":"https:\/\/thaythuoctre.vn\/en\/wp-json\/wp\/v2\/media?parent=139"}],"curies":[{"name":"wp","href":"https:\/\/api.w.org\/{rel}","templated":true}]}}